{"id":540,"date":"2025-04-17T10:14:13","date_gmt":"2025-04-17T13:14:13","guid":{"rendered":"https:\/\/agari.cl\/chile\/?page_id=540"},"modified":"2026-01-07T16:42:44","modified_gmt":"2026-01-07T19:42:44","slug":"productos","status":"publish","type":"page","link":"https:\/\/agari.cl\/chile\/productos\/","title":{"rendered":"Productos"},"content":{"rendered":"\t\t<div data-elementor-type=\"wp-post\" data-elementor-id=\"540\" class=\"elementor elementor-540\">\n\t\t\t\t<div class=\"elementor-element elementor-element-abd621d e-con-full e-flex e-con e-parent\" data-id=\"abd621d\" data-element_type=\"container\" data-e-type=\"container\">\n\t\t\t\t<div class=\"elementor-element elementor-element-c2ac62d elementor-widget__width-inherit elementor-widget elementor-widget-html\" data-id=\"c2ac62d\" data-element_type=\"widget\" data-e-type=\"widget\" data-widget_type=\"html.default\">\n\t\t\t\t\t\r\n<div style=\" text-align:center;\">\r\n    \r\n<figure class=\"snip1477\"><img decoding=\"async\" alt=\"ropa de trabajo industrial\" src=\"https:\/\/agari.cl\/chile\/wp-content\/uploads\/2025\/07\/work.webp\" \/>\r\n<div class=\"title\">\r\n<div>\r\n<h2>Ropa de trabajo<\/h2>\r\n\r\n<h4>Industrial o General<\/h4>\r\n<\/div>\r\n<\/div>\r\n\r\n<figcaption>\r\n<p>Contamos con equipamiento como Overoles Nacionales e Importados para su utilizaci\u00f3n en diversas especialidades.\r\nLas chaquetas son parte fundamental de ciertos rubros por lo que nuestros chalecos reflectantes y chaquetas de ge\u00f3logo aportan con su calidad y comodidad.<\/p>\r\n<\/figcaption>\r\n<a href=\"https:\/\/agari.cl\/chile\/productos\/ropa-de-trabajo\/\"> <\/a>\r\n<\/figure>\r\n\r\n\r\n\r\n<figure class=\"snip1477\"><img decoding=\"async\" alt=\"ropa de trabajo de cocina\" src=\"https:\/\/agari.cl\/chile\/wp-content\/uploads\/2025\/07\/cocina-2.webp\" \/>\r\n<div class=\"title\">\r\n<div>\r\n<h2>Ropa de Cocina<\/h2>\r\n\r\n<h4>Profesional<\/h4>\r\n<\/div>\r\n<\/div>\r\n\r\n<figcaption>\r\n<p>Dise\u00f1o y estilo para la cocina de tu restaurant con productos como pecheras, mandiles, chaquetas chef, chaquetas mao, pantalones de cocina, pantalones chef, gorros, entre un sinf\u00edn de productos.<\/p>\r\n<\/figcaption>\r\n<a href=\"https:\/\/agari.cl\/chile\/productos\/ropa-de-cocina\/\"> <\/a>\r\n<\/figure>\r\n\r\n\r\n\r\n<figure class=\"snip1477\"><img decoding=\"async\" alt=\"ropa de trabajo termica\" src=\"https:\/\/agari.cl\/chile\/wp-content\/uploads\/2025\/07\/frio-1.webp\" \/>\r\n<div class=\"title\">\r\n<div>\r\n<h2>Ropa T\u00e9rmica<\/h2>\r\n\r\n<h4>Para el frio<\/h4>\r\n<\/div>\r\n<\/div>\r\n\r\n<figcaption>\r\n<p>Contamos con un amplio cat\u00e1logo de vestimentas t\u00e9rmicas, dise\u00f1adas para resistir el frio y conservar el calor corporal como overoles t\u00e9rmicos, cortaviento, parkas,  pijama t\u00e9rmico, calcet\u00edn t\u00e9rmico, guantes t\u00e9rmicos, etc. Algunos de estos con sistema reflectante para entregar un nivel m\u00e1s alto de seguridad.<\/p>\r\n<\/figcaption>\r\n<a href=\"https:\/\/agari.cl\/chile\/productos\/ropa-termica\/\"> <\/a>\r\n<\/figure>\r\n\r\n\r\n\r\n\r\n<figure class=\"snip1477\"><img decoding=\"async\" alt=\"ropa de trabajo pecheras\" src=\"https:\/\/agari.cl\/chile\/wp-content\/uploads\/2025\/07\/pecheras-1.webp\" \/>\r\n<div class=\"title\">\r\n<div>\r\n<h2>Pecheras<\/h2>\r\n\r\n<h4>y Tocas<\/h4>\r\n<\/div>\r\n<\/div>\r\n\r\n<figcaption>\r\n<p>Al momento de la elaboraci\u00f3n o manejo de productos es necesario contar con indumentaria funcional que nos ayude en el proceso.<\/p>\r\n<\/figcaption>\r\n<a href=\"https:\/\/agari.cl\/chile\/productos\/pecheras-tocas\/\"> <\/a>\r\n<\/figure>\r\n\r\n\r\n\r\n\r\n<figure class=\"snip1477\"><img decoding=\"async\" alt=\"ropa de trabajo impermeable\" src=\"https:\/\/agari.cl\/chile\/wp-content\/uploads\/2025\/07\/impermeables.webp\" \/>\r\n<div class=\"title\">\r\n<div>\r\n<h2>Ropa Impermeable<\/h2>\r\n\r\n<h4>Para trabajos a la interperie<\/h4>\r\n<\/div>\r\n<\/div>\r\n\r\n<figcaption>\r\n<p>Todos hemos disfrutado alguna vez de un agradable paseo con lluvia. Pero si esta llega en el momento menos indicado debemos estar preparado.<\/p>\r\n<\/figcaption>\r\n<a href=\"https:\/\/agari.cl\/chile\/productos\/ropa-impermeable\/\"> <\/a>\r\n<\/figure>\r\n\r\n\r\n\r\n<figure class=\"snip1477\"><img decoding=\"async\" alt=\"ropa de trabajo polar\" src=\"https:\/\/agari.cl\/chile\/wp-content\/uploads\/2025\/08\/MICROPOLAR.webp\" \/>\r\n<div class=\"title\">\r\n<div>\r\n<h2>Polar<\/h2>\r\n\r\n<h4>y Micropolar<\/h4>\r\n<\/div>\r\n<\/div>\r\n\r\n<figcaption>\r\n<p>Este material es una de las grandes innovaciones de los \u00faltimos a\u00f1os. Nos entrega una resistencia y protecci\u00f3n a bajas temperaturas para poder desempe\u00f1ar labores con la m\u00e1xima comodidad.<\/p>\r\n<\/figcaption>\r\n<a href=\"https:\/\/agari.cl\/chile\/productos\/polar-micropolar\/\"> <\/a>\r\n<\/figure>\r\n\r\n\r\n\r\n\r\n\r\n<figure class=\"snip1477\"><img decoding=\"async\" alt=\"ropa de trabajo poleras pique\" src=\"https:\/\/agari.cl\/chile\/wp-content\/uploads\/2025\/07\/poleras.webp\" \/>\r\n<div class=\"title\">\r\n<div>\r\n<h2>Poleras Piqu\u00e9<\/h2>\r\n\r\n<h4>mangas largas o cortas<\/h4>\r\n<\/div>\r\n<\/div>\r\n\r\n<figcaption>\r\n<p>La nobleza en los materiales nos permite entregar un producto perfectamente terminado, comodo, flexible y en una amplia variedad de colores, algo importante al momento de elegir este tipo de prendas.<\/p>\r\n<\/figcaption>\r\n<a href=\"https:\/\/agari.cl\/chile\/productos\/poleras-pique\/\"> <\/a>\r\n<\/figure>\r\n\r\n\r\n\r\n<figure class=\"snip1477\"><img decoding=\"async\" alt=\"ropa de trabajo poleras cuello polo\" src=\"https:\/\/agari.cl\/chile\/wp-content\/uploads\/2026\/01\/CUELLO_POLO.webp\" \/>\r\n<div class=\"title\">\r\n<div>\r\n<h2>Poleras cuello Polo<\/h2>\r\n\r\n<h4>mangas largas o cortas<\/h4>\r\n<\/div>\r\n<\/div>\r\n\r\n<figcaption>\r\n<p>La nobleza en los materiales nos permite entregar un producto perfectamente terminado, comodo, flexible y en una amplia variedad de colores, algo importante al momento de elegir este tipo de prendas.<\/p>\r\n<\/figcaption>\r\n<a href=\"https:\/\/agari.cl\/chile\/productos\/poleras-cuello-polo\/\"> <\/a>\r\n<\/figure>\r\n\r\n\r\n<figure class=\"snip1477\"><img decoding=\"async\" alt=\"ropa de trabajo camisas\" src=\"https:\/\/agari.cl\/chile\/wp-content\/uploads\/2025\/07\/camisas.webp\" \/>\r\n<div class=\"title\">\r\n<div>\r\n<h2>Camisas y blusas<\/h2>\r\n\r\n<h4>mangas largas o cortas<\/h4>\r\n<\/div>\r\n<\/div>\r\n\r\n<figcaption>\r\n<p>Con cortes a la figura en el caso de los modelos para damas y con dise\u00f1os en manga corta y larga podemos en esta como la prenda ideal para un look m\u00e1s formal\/casual.<\/p>\r\n<\/figcaption>\r\n<a href=\"https:\/\/agari.cl\/chile\/productos\/camisas-blusas\/\"> <\/a>\r\n<\/figure>\r\n\r\n\r\n\r\n<figure class=\"snip1477\"><img decoding=\"async\" alt=\"ropa de trabajo cotonas\" src=\"https:\/\/agari.cl\/chile\/wp-content\/uploads\/2025\/07\/cotonas.webp\" \/>\r\n<div class=\"title\">\r\n<div>\r\n<h2>Cotonas y Delantal<\/h2>\r\n\r\n<h4>diferentes colores<\/h4>\r\n<\/div>\r\n<\/div>\r\n\r\n<figcaption>\r\n<p>Uno de los uniformes m\u00e1s caracter\u00edsticos que se utilizan son las cotonas y delantales, por lo que contamos con una gran variedad, especiales para labores como asesoras del hogar, camareras, garzonas, personal cl\u00ednico, delantales de parvularia, guardapolvos.<\/p>\r\n<\/figcaption>\r\n<a href=\"https:\/\/agari.cl\/chile\/productos\/cotona-delantal\/\"> <\/a>\r\n<\/figure>\r\n\r\n\r\n\r\n\r\n<figure class=\"snip1477\"><img decoding=\"async\" alt=\"ropa de trabajo pantalones\" src=\"https:\/\/agari.cl\/chile\/wp-content\/uploads\/2025\/07\/pantalones.webp\" \/>\r\n<div class=\"title\">\r\n<div>\r\n<h2>Pantal\u00f3n, Gabardina Y Jeans<\/h2>\r\n\r\n<h4>diferentes colores<\/h4>\r\n<\/div>\r\n<\/div>\r\n\r\n<figcaption>\r\n<p>La ropa de trabajo no tiene por qu\u00e9 ser aburrida. Menos cuando contamos con un cat\u00e1logo de prendas que siguen las tendencias de moda.<\/p>\r\n<\/figcaption>\r\n<a href=\"https:\/\/agari.cl\/chile\/productos\/pantalon-gabardina-jeans\/\"> <\/a>\r\n<\/figure>\r\n\r\n\r\n\r\n\r\n\r\n<figure class=\"snip1477\"><img decoding=\"async\" alt=\"ropa de trabajo zapatos\" src=\"https:\/\/agari.cl\/chile\/wp-content\/uploads\/2025\/07\/zapatos.webp\" \/>\r\n<div class=\"title\">\r\n<div>\r\n<h2>Calzado de seguridad<\/h2>\r\n\r\n<h4>diferentes requerimientos<\/h4>\r\n<\/div>\r\n<\/div>\r\n\r\n<figcaption>\r\n<p>Cada actividad laboral requiere un equipamiento distinto, pero el \u00e9nfasis en la seguridad es un elemento en com\u00fan para todas ellas. Es por esto que confeccionamos calzado que cumple con m\u00e1s m\u00e1ximas exigencias en esta \u00e1rea pero sin abandonar el confort, dise\u00f1o y tecnolog\u00eda.<\/p>\r\n<\/figcaption>\r\n<a href=\"https:\/\/agari.cl\/chile\/productos\/zapatos-calzado\/\"> <\/a>\r\n<\/figure>\r\n\r\n\r\n\r\n\r\n\r\n<figure class=\"snip1477\"><img decoding=\"async\" alt=\"ropa de trabajo gorros\" src=\"https:\/\/agari.cl\/chile\/wp-content\/uploads\/2025\/07\/Gemini_Generated_Image_ien0mtien0mtien0.webp\" \/>\r\n<div class=\"title\">\r\n<div>\r\n<h2>Jockeys y gorros<\/h2>\r\n\r\n<h4>diferentes colores<\/h4>\r\n<\/div>\r\n<\/div>\r\n\r\n<figcaption>\r\n<p>Tenemos un amplio cat\u00e1logo de Jockey y Gorros para fines Publicitarios y Corporativos adem\u00e1s de modelos de lana, gorro pescador, gorro legionario, jockey gabardina, jockey denim, gorro de polar, etc. Todos completamente personalizables y en una amplia variedad de texturas y colores.<\/p>\r\n<\/figcaption>\r\n<a href=\"https:\/\/agari.cl\/chile\/productos\/jockey-gorros\/\"> <\/a>\r\n<\/figure>\r\n\r\n\r\n\r\n\r\n<figure class=\"snip1477\"><img decoding=\"async\" alt=\"ropa de trabajo pantalones\" src=\"https:\/\/agari.cl\/chile\/wp-content\/uploads\/2025\/07\/ropa04_01.webp\" \/>\r\n<div class=\"title\">\r\n<div>\r\n<h2>Bordados y Estampados<\/h2>\r\n\r\n<h4>en diferentes prendas<\/h4>\r\n<\/div>\r\n<\/div>\r\n\r\n<figcaption>\r\n<p>Ofrecemos  bordados y estampados de todo tipo, ya sea con fines decorativos o publicitarios, imagen corporativa, etc.<\/p>\r\n<\/figcaption>\r\n<a href=\"https:\/\/agari.cl\/chile\/productos\/bordados-estampados\/\"> <\/a>\r\n<\/figure>\r\n\r\n<\/div>\t\t\t\t<\/div>\n\t\t\t\t<\/div>\n\t\t\t\t<\/div>\n\t\t","protected":false},"excerpt":{"rendered":"<p>Ropa de trabajo Industrial o General Contamos con equipamiento como Overoles Nacionales e Importados para su utilizaci\u00f3n en diversas especialidades. Las chaquetas son parte fundamental de ciertos rubros por lo que nuestros chalecos reflectantes y chaquetas de ge\u00f3logo aportan con su calidad y comodidad. Ropa de Cocina Profesional Dise\u00f1o y estilo para la cocina de [&hellip;]<\/p>\n","protected":false},"author":1,"featured_media":0,"parent":0,"menu_order":0,"comment_status":"closed","ping_status":"closed","template":"","meta":{"ocean_post_layout":"full-width","ocean_both_sidebars_style":"","ocean_both_sidebars_content_width":0,"ocean_both_sidebars_sidebars_width":0,"ocean_sidebar":"","ocean_second_sidebar":"","ocean_disable_margins":"enable","ocean_add_body_class":"","ocean_shortcode_before_top_bar":"","ocean_shortcode_after_top_bar":"","ocean_shortcode_before_header":"","ocean_shortcode_after_header":"","ocean_has_shortcode":"","ocean_shortcode_after_title":"","ocean_shortcode_before_footer_widgets":"","ocean_shortcode_after_footer_widgets":"","ocean_shortcode_before_footer_bottom":"","ocean_shortcode_after_footer_bottom":"","ocean_display_top_bar":"default","ocean_display_header":"default","ocean_header_style":"","ocean_center_header_left_menu":"","ocean_custom_header_template":"","ocean_custom_logo":0,"ocean_custom_retina_logo":0,"ocean_custom_logo_max_width":0,"ocean_custom_logo_tablet_max_width":0,"ocean_custom_logo_mobile_max_width":0,"ocean_custom_logo_max_height":0,"ocean_custom_logo_tablet_max_height":0,"ocean_custom_logo_mobile_max_height":0,"ocean_header_custom_menu":"","ocean_menu_typo_font_family":"","ocean_menu_typo_font_subset":"","ocean_menu_typo_font_size":0,"ocean_menu_typo_font_size_tablet":0,"ocean_menu_typo_font_size_mobile":0,"ocean_menu_typo_font_size_unit":"px","ocean_menu_typo_font_weight":"","ocean_menu_typo_font_weight_tablet":"","ocean_menu_typo_font_weight_mobile":"","ocean_menu_typo_transform":"","ocean_menu_typo_transform_tablet":"","ocean_menu_typo_transform_mobile":"","ocean_menu_typo_line_height":0,"ocean_menu_typo_line_height_tablet":0,"ocean_menu_typo_line_height_mobile":0,"ocean_menu_typo_line_height_unit":"","ocean_menu_typo_spacing":0,"ocean_menu_typo_spacing_tablet":0,"ocean_menu_typo_spacing_mobile":0,"ocean_menu_typo_spacing_unit":"","ocean_menu_link_color":"","ocean_menu_link_color_hover":"","ocean_menu_link_color_active":"","ocean_menu_link_background":"","ocean_menu_link_hover_background":"","ocean_menu_link_active_background":"","ocean_menu_social_links_bg":"","ocean_menu_social_hover_links_bg":"","ocean_menu_social_links_color":"","ocean_menu_social_hover_links_color":"","ocean_disable_title":"default","ocean_disable_heading":"default","ocean_post_title":"","ocean_post_subheading":"","ocean_post_title_style":"","ocean_post_title_background_color":"","ocean_post_title_background":0,"ocean_post_title_bg_image_position":"","ocean_post_title_bg_image_attachment":"","ocean_post_title_bg_image_repeat":"","ocean_post_title_bg_image_size":"","ocean_post_title_height":0,"ocean_post_title_bg_overlay":0.5,"ocean_post_title_bg_overlay_color":"","ocean_disable_breadcrumbs":"default","ocean_breadcrumbs_color":"","ocean_breadcrumbs_separator_color":"","ocean_breadcrumbs_links_color":"","ocean_breadcrumbs_links_hover_color":"","ocean_display_footer_widgets":"default","ocean_display_footer_bottom":"default","ocean_custom_footer_template":"","footnotes":""},"class_list":["post-540","page","type-page","status-publish","hentry","entry"],"_links":{"self":[{"href":"https:\/\/agari.cl\/chile\/wp-json\/wp\/v2\/pages\/540","targetHints":{"allow":["GET"]}}],"collection":[{"href":"https:\/\/agari.cl\/chile\/wp-json\/wp\/v2\/pages"}],"about":[{"href":"https:\/\/agari.cl\/chile\/wp-json\/wp\/v2\/types\/page"}],"author":[{"embeddable":true,"href":"https:\/\/agari.cl\/chile\/wp-json\/wp\/v2\/users\/1"}],"replies":[{"embeddable":true,"href":"https:\/\/agari.cl\/chile\/wp-json\/wp\/v2\/comments?post=540"}],"version-history":[{"count":31,"href":"https:\/\/agari.cl\/chile\/wp-json\/wp\/v2\/pages\/540\/revisions"}],"predecessor-version":[{"id":894,"href":"https:\/\/agari.cl\/chile\/wp-json\/wp\/v2\/pages\/540\/revisions\/894"}],"wp:attachment":[{"href":"https:\/\/agari.cl\/chile\/wp-json\/wp\/v2\/media?parent=540"}],"curies":[{"name":"wp","href":"https:\/\/api.w.org\/{rel}","templated":true}]}}