{"id":727,"date":"2025-08-10T10:14:13","date_gmt":"2025-08-10T13:14:13","guid":{"rendered":"https:\/\/agari.cl\/chile\/?page_id=727"},"modified":"2025-09-30T16:38:11","modified_gmt":"2025-09-30T19:38:11","slug":"pecheras-tocas","status":"publish","type":"page","link":"https:\/\/agari.cl\/chile\/productos\/pecheras-tocas\/","title":{"rendered":"Pechera y Tocas"},"content":{"rendered":"\t\t<div data-elementor-type=\"wp-post\" data-elementor-id=\"727\" class=\"elementor elementor-727\">\n\t\t\t\t<div class=\"elementor-element elementor-element-abd621d e-con-full e-flex e-con e-parent\" data-id=\"abd621d\" data-element_type=\"container\" data-e-type=\"container\">\n\t\t\t\t<div class=\"elementor-element elementor-element-087dc3c elementor-widget elementor-widget-text-editor\" data-id=\"087dc3c\" data-element_type=\"widget\" data-e-type=\"widget\" data-widget_type=\"text-editor.default\">\n\t\t\t\t\t\t\t\t\t<p><strong>Al momento de la elaboraci\u00f3n o manejo de productos es necesario contar con indumentaria funcional que nos ayude en el proceso.<\/strong><br \/><strong>Para esto confeccionamos productos simples y funcionales como son las pecheras las cuales pueden ser simples, dobles, o de PVC seg\u00fan el requerimiento y el tipo de producto o servicio que se brindara.<\/strong><\/p><p><strong>Es el caso tambi\u00e9n de las tocas y mug, un producto fundamental en cuanto a manipulaci\u00f3n nos referimos.<\/strong><\/p><p><strong>Los materiales utilizados y la confecci\u00f3n de los mismos fueron pensados para proveer comodidad pero a la vez funcionalidad a quien est\u00e9 utiliz\u00e1ndolo.<\/strong><\/p>\t\t\t\t\t\t\t\t<\/div>\n\t\t\t\t<div class=\"elementor-element elementor-element-c2ac62d elementor-widget__width-inherit elementor-widget elementor-widget-html\" data-id=\"c2ac62d\" data-element_type=\"widget\" data-e-type=\"widget\" data-widget_type=\"html.default\">\n\t\t\t\t\t<div style=\" text-align:center;\">\r\n    \r\n<figure class=\"snip1477\"><img decoding=\"async\" alt=\"Pechera\" src=\"https:\/\/agari.cl\/chile\/imagenes\/_ropa\/pechera-doble_r.webp\" \/>\r\n<div class=\"title\">\r\n<div>\r\n<h2>pechera<\/h2>\r\n\r\n<h4>doble<\/h4>\r\n<\/div>\r\n<\/div>\r\n<\/figure>\r\n\r\n\r\n\r\n    \r\n<figure class=\"snip1477\"><img decoding=\"async\" alt=\"Pechera\" src=\"https:\/\/agari.cl\/chile\/imagenes\/_ropa\/pechera-simple_r.webp\" \/>\r\n<div class=\"title\">\r\n<div>\r\n<h2>pechera<\/h2>\r\n\r\n<h4>simple<\/h4>\r\n<\/div>\r\n<\/div>\r\n<\/figure>\r\n\r\n\r\n<figure class=\"snip1477\"><img decoding=\"async\" alt=\"Pechera\" src=\"https:\/\/agari.cl\/chile\/imagenes\/_ropa\/peche_pvc_01-p.webp\" \/>\r\n<div class=\"title\">\r\n<div>\r\n<h2>pechera<\/h2>\r\n\r\n<h4>de PVC<\/h4>\r\n<\/div>\r\n<\/div>\r\n<\/figure>\r\n\r\n\r\n<figure class=\"snip1477\"><img decoding=\"async\" alt=\"Pechera\" src=\"https:\/\/agari.cl\/chile\/imagenes\/_ropa\/peche_simple_mez-p.webp\" \/>\r\n<div class=\"title\">\r\n<div>\r\n<h2>pechera<\/h2>\r\n\r\n<h4>simple de MEZCLILLA<\/h4>\r\n<\/div>\r\n<\/div>\r\n<\/figure>\r\n\r\n\r\n<figure class=\"snip1477\"><img decoding=\"async\" alt=\"Malla\" src=\"https:\/\/agari.cl\/chile\/imagenes\/_ropa\/toca-malla-desechable_r.webp\" \/>\r\n<div class=\"title\">\r\n<div>\r\n<h2>Malla para el pelo<\/h2>\r\n\r\n<h4>desechable<\/h4>\r\n<\/div>\r\n<\/div>\r\n<\/figure>\r\n\r\n\r\n\r\n<\/div>\r\n\t\t\t\t<\/div>\n\t\t\t\t<\/div>\n\t\t\t\t<\/div>\n\t\t","protected":false},"excerpt":{"rendered":"<p>Al momento de la elaboraci\u00f3n o manejo de productos es necesario contar con indumentaria funcional que nos ayude en el proceso.Para esto confeccionamos productos simples y funcionales como son las pecheras las cuales pueden ser simples, dobles, o de PVC seg\u00fan el requerimiento y el tipo de producto o servicio que se brindara. Es el [&hellip;]<\/p>\n","protected":false},"author":1,"featured_media":0,"parent":540,"menu_order":0,"comment_status":"closed","ping_status":"closed","template":"","meta":{"ocean_post_layout":"full-width","ocean_both_sidebars_style":"","ocean_both_sidebars_content_width":0,"ocean_both_sidebars_sidebars_width":0,"ocean_sidebar":"","ocean_second_sidebar":"","ocean_disable_margins":"enable","ocean_add_body_class":"","ocean_shortcode_before_top_bar":"","ocean_shortcode_after_top_bar":"","ocean_shortcode_before_header":"","ocean_shortcode_after_header":"","ocean_has_shortcode":"","ocean_shortcode_after_title":"","ocean_shortcode_before_footer_widgets":"","ocean_shortcode_after_footer_widgets":"","ocean_shortcode_before_footer_bottom":"","ocean_shortcode_after_footer_bottom":"","ocean_display_top_bar":"default","ocean_display_header":"default","ocean_header_style":"","ocean_center_header_left_menu":"","ocean_custom_header_template":"","ocean_custom_logo":0,"ocean_custom_retina_logo":0,"ocean_custom_logo_max_width":0,"ocean_custom_logo_tablet_max_width":0,"ocean_custom_logo_mobile_max_width":0,"ocean_custom_logo_max_height":0,"ocean_custom_logo_tablet_max_height":0,"ocean_custom_logo_mobile_max_height":0,"ocean_header_custom_menu":"","ocean_menu_typo_font_family":"","ocean_menu_typo_font_subset":"","ocean_menu_typo_font_size":0,"ocean_menu_typo_font_size_tablet":0,"ocean_menu_typo_font_size_mobile":0,"ocean_menu_typo_font_size_unit":"px","ocean_menu_typo_font_weight":"","ocean_menu_typo_font_weight_tablet":"","ocean_menu_typo_font_weight_mobile":"","ocean_menu_typo_transform":"","ocean_menu_typo_transform_tablet":"","ocean_menu_typo_transform_mobile":"","ocean_menu_typo_line_height":0,"ocean_menu_typo_line_height_tablet":0,"ocean_menu_typo_line_height_mobile":0,"ocean_menu_typo_line_height_unit":"","ocean_menu_typo_spacing":0,"ocean_menu_typo_spacing_tablet":0,"ocean_menu_typo_spacing_mobile":0,"ocean_menu_typo_spacing_unit":"","ocean_menu_link_color":"","ocean_menu_link_color_hover":"","ocean_menu_link_color_active":"","ocean_menu_link_background":"","ocean_menu_link_hover_background":"","ocean_menu_link_active_background":"","ocean_menu_social_links_bg":"","ocean_menu_social_hover_links_bg":"","ocean_menu_social_links_color":"","ocean_menu_social_hover_links_color":"","ocean_disable_title":"default","ocean_disable_heading":"default","ocean_post_title":"","ocean_post_subheading":"","ocean_post_title_style":"","ocean_post_title_background_color":"","ocean_post_title_background":0,"ocean_post_title_bg_image_position":"","ocean_post_title_bg_image_attachment":"","ocean_post_title_bg_image_repeat":"","ocean_post_title_bg_image_size":"","ocean_post_title_height":0,"ocean_post_title_bg_overlay":0.5,"ocean_post_title_bg_overlay_color":"","ocean_disable_breadcrumbs":"default","ocean_breadcrumbs_color":"","ocean_breadcrumbs_separator_color":"","ocean_breadcrumbs_links_color":"","ocean_breadcrumbs_links_hover_color":"","ocean_display_footer_widgets":"default","ocean_display_footer_bottom":"default","ocean_custom_footer_template":"","footnotes":""},"class_list":["post-727","page","type-page","status-publish","hentry","entry"],"_links":{"self":[{"href":"https:\/\/agari.cl\/chile\/wp-json\/wp\/v2\/pages\/727","targetHints":{"allow":["GET"]}}],"collection":[{"href":"https:\/\/agari.cl\/chile\/wp-json\/wp\/v2\/pages"}],"about":[{"href":"https:\/\/agari.cl\/chile\/wp-json\/wp\/v2\/types\/page"}],"author":[{"embeddable":true,"href":"https:\/\/agari.cl\/chile\/wp-json\/wp\/v2\/users\/1"}],"replies":[{"embeddable":true,"href":"https:\/\/agari.cl\/chile\/wp-json\/wp\/v2\/comments?post=727"}],"version-history":[{"count":7,"href":"https:\/\/agari.cl\/chile\/wp-json\/wp\/v2\/pages\/727\/revisions"}],"predecessor-version":[{"id":855,"href":"https:\/\/agari.cl\/chile\/wp-json\/wp\/v2\/pages\/727\/revisions\/855"}],"up":[{"embeddable":true,"href":"https:\/\/agari.cl\/chile\/wp-json\/wp\/v2\/pages\/540"}],"wp:attachment":[{"href":"https:\/\/agari.cl\/chile\/wp-json\/wp\/v2\/media?parent=727"}],"curies":[{"name":"wp","href":"https:\/\/api.w.org\/{rel}","templated":true}]}}