{"id":729,"date":"2025-09-01T10:14:13","date_gmt":"2025-09-01T13:14:13","guid":{"rendered":"https:\/\/agari.cl\/chile\/?page_id=729"},"modified":"2025-09-03T23:43:09","modified_gmt":"2025-09-04T02:43:09","slug":"ropa-impermeable","status":"publish","type":"page","link":"https:\/\/agari.cl\/chile\/productos\/ropa-impermeable\/","title":{"rendered":"Ropa Impermeable"},"content":{"rendered":"\t\t<div data-elementor-type=\"wp-post\" data-elementor-id=\"729\" class=\"elementor elementor-729\">\n\t\t\t\t<div class=\"elementor-element elementor-element-abd621d e-con-full e-flex e-con e-parent\" data-id=\"abd621d\" data-element_type=\"container\" data-e-type=\"container\">\n\t\t\t\t<div class=\"elementor-element elementor-element-087dc3c elementor-widget elementor-widget-text-editor\" data-id=\"087dc3c\" data-element_type=\"widget\" data-e-type=\"widget\" data-widget_type=\"text-editor.default\">\n\t\t\t\t\t\t\t\t\t<p><strong>Todos hemos disfrutado alguna vez de un agradable paseo con lluvia. Pero si esta llega en el momento menos indicado debemos estar preparado. Es por eso que proveemos de ropa impermeable de materiales como el pvc\/poli\u00e9ster, confeccionada para evitar el contacto de l\u00edquido con la piel.<\/strong><\/p><p><strong>Pero si debemos protegernos de otros l\u00edquidos como agua estancada o contaminada nuestras confesiones cumplir\u00e1n con la misi\u00f3n de protegernos.<\/strong><\/p><p><strong>Es el caso de las botas de agua, un infaltable al momento de caminatas en terrenos con humedad. Las capas de agua, parkas y trajes de PVC son algunos de nuestros productos a los que agregamos elementos como reflectantes de seguridad.<\/strong><\/p><p><strong>La novedad son las chaquetas de softshell impermeables, una tecnolog\u00eda no solo para evitar el contacto con l\u00edquidos sino tambi\u00e9n para mantenernos a una temperatura confortable.<\/strong><\/p>\t\t\t\t\t\t\t\t<\/div>\n\t\t\t\t<div class=\"elementor-element elementor-element-c2ac62d elementor-widget__width-inherit elementor-widget elementor-widget-html\" data-id=\"c2ac62d\" data-element_type=\"widget\" data-e-type=\"widget\" data-widget_type=\"html.default\">\n\t\t\t\t\t<div style=\" text-align:center;\">\r\n    \r\n<figure class=\"snip1477\"><img decoding=\"async\" alt=\"Casaca termica\" src=\"https:\/\/agari.cl\/chile\/imagenes\/_ropa\/Parka_Pukem_Gorro_Mlarga_men_r.webp\" \/>\r\n<div class=\"title\">\r\n<div>\r\n<h2>Parka pukem<\/h2>\r\n\r\n<h4>Gorro y manga larga<\/h4>\r\n<\/div>\r\n<\/div>\r\n<\/figure>\r\n\r\n\r\n<figure class=\"snip1477\"><img decoding=\"async\" alt=\"Para el agua termica\" src=\"https:\/\/agari.cl\/chile\/imagenes\/_ropa\/traje-de-agua-pvc_r.webp\" \/>\r\n<div class=\"title\">\r\n<div>\r\n<h2>Impermeable pvc<\/h2>\r\n\r\n<h4>Para el agua<\/h4>\r\n<\/div>\r\n<\/div>\r\n<\/figure>\r\n\r\n\r\n\r\n<figure class=\"snip1477\"><img decoding=\"async\" alt=\"Parka\" src=\"https:\/\/agari.cl\/chile\/imagenes\/_ropa\/Parka_Pangue_Softshell_ml_men_r.webp\" \/>\r\n<div class=\"title\">\r\n<div>\r\n<h2>Parka PANGUE<\/h2>\r\n\r\n<h4>SOFTSHELL MANGA LARGA<\/h4>\r\n<\/div>\r\n<\/div>\r\n<\/figure>\r\n\r\n\r\n\r\n<figure class=\"snip1477\"><img decoding=\"async\" alt=\"Parka\" src=\"https:\/\/agari.cl\/chile\/imagenes\/_ropa\/Chaqueta_Softshell_Hivis_Clase2_ml_r.webp\" \/>\r\n<div class=\"title\">\r\n<div>\r\n<h2>Chaqueta SOFTSHELL<\/h2>\r\n\r\n<h4>HI-VIS CLASE 2<\/h4>\r\n<\/div>\r\n<\/div>\r\n<\/figure>\r\n\r\n\r\n\r\n<figure class=\"snip1477\"><img decoding=\"async\" alt=\"CAPA\" src=\"https:\/\/agari.cl\/chile\/imagenes\/_ropa\/capa-de-agua_r.webp\" \/>\r\n<div class=\"title\">\r\n<div>\r\n<h2>CAPA PARA AGUA<\/h2>\r\n\r\n<h4>INPERMEABLE<\/h4>\r\n<\/div>\r\n<\/div>\r\n<\/figure>\r\n\r\n<figure class=\"snip1477\"><img decoding=\"async\" alt=\"Parka\" src=\"https:\/\/agari.cl\/chile\/imagenes\/_ropa\/Chaqueta_Softshell_Rhelmu_ml_women_r.webp\" \/>\r\n<div class=\"title\">\r\n<div>\r\n<h2>Chaqueta softshell<\/h2>\r\n\r\n<h4>rhelmu mujer<\/h4>\r\n<\/div>\r\n<\/div>\r\n<\/figure>\r\n\r\n\r\n\r\n<figure class=\"snip1477\"><img decoding=\"async\" alt=\"Parka\" src=\"https:\/\/agari.cl\/chile\/imagenes\/_ropa\/bota-de-agua_r.webp\" \/>\r\n<div class=\"title\">\r\n<div>\r\n<h2>BOTA PARA AGUA<\/h2>\r\n\r\n<h4>INPERMEABLE<\/h4>\r\n<\/div>\r\n<\/div>\r\n<\/figure>\r\n\r\n\r\n<\/div>\r\n\t\t\t\t<\/div>\n\t\t\t\t<\/div>\n\t\t\t\t<\/div>\n\t\t","protected":false},"excerpt":{"rendered":"<p>Todos hemos disfrutado alguna vez de un agradable paseo con lluvia. Pero si esta llega en el momento menos indicado debemos estar preparado. Es por eso que proveemos de ropa impermeable de materiales como el pvc\/poli\u00e9ster, confeccionada para evitar el contacto de l\u00edquido con la piel. Pero si debemos protegernos de otros l\u00edquidos como agua [&hellip;]<\/p>\n","protected":false},"author":1,"featured_media":0,"parent":540,"menu_order":0,"comment_status":"closed","ping_status":"closed","template":"","meta":{"ocean_post_layout":"full-width","ocean_both_sidebars_style":"","ocean_both_sidebars_content_width":0,"ocean_both_sidebars_sidebars_width":0,"ocean_sidebar":"","ocean_second_sidebar":"","ocean_disable_margins":"enable","ocean_add_body_class":"","ocean_shortcode_before_top_bar":"","ocean_shortcode_after_top_bar":"","ocean_shortcode_before_header":"","ocean_shortcode_after_header":"","ocean_has_shortcode":"","ocean_shortcode_after_title":"","ocean_shortcode_before_footer_widgets":"","ocean_shortcode_after_footer_widgets":"","ocean_shortcode_before_footer_bottom":"","ocean_shortcode_after_footer_bottom":"","ocean_display_top_bar":"default","ocean_display_header":"default","ocean_header_style":"","ocean_center_header_left_menu":"","ocean_custom_header_template":"","ocean_custom_logo":0,"ocean_custom_retina_logo":0,"ocean_custom_logo_max_width":0,"ocean_custom_logo_tablet_max_width":0,"ocean_custom_logo_mobile_max_width":0,"ocean_custom_logo_max_height":0,"ocean_custom_logo_tablet_max_height":0,"ocean_custom_logo_mobile_max_height":0,"ocean_header_custom_menu":"","ocean_menu_typo_font_family":"","ocean_menu_typo_font_subset":"","ocean_menu_typo_font_size":0,"ocean_menu_typo_font_size_tablet":0,"ocean_menu_typo_font_size_mobile":0,"ocean_menu_typo_font_size_unit":"px","ocean_menu_typo_font_weight":"","ocean_menu_typo_font_weight_tablet":"","ocean_menu_typo_font_weight_mobile":"","ocean_menu_typo_transform":"","ocean_menu_typo_transform_tablet":"","ocean_menu_typo_transform_mobile":"","ocean_menu_typo_line_height":0,"ocean_menu_typo_line_height_tablet":0,"ocean_menu_typo_line_height_mobile":0,"ocean_menu_typo_line_height_unit":"","ocean_menu_typo_spacing":0,"ocean_menu_typo_spacing_tablet":0,"ocean_menu_typo_spacing_mobile":0,"ocean_menu_typo_spacing_unit":"","ocean_menu_link_color":"","ocean_menu_link_color_hover":"","ocean_menu_link_color_active":"","ocean_menu_link_background":"","ocean_menu_link_hover_background":"","ocean_menu_link_active_background":"","ocean_menu_social_links_bg":"","ocean_menu_social_hover_links_bg":"","ocean_menu_social_links_color":"","ocean_menu_social_hover_links_color":"","ocean_disable_title":"default","ocean_disable_heading":"default","ocean_post_title":"","ocean_post_subheading":"","ocean_post_title_style":"","ocean_post_title_background_color":"","ocean_post_title_background":0,"ocean_post_title_bg_image_position":"","ocean_post_title_bg_image_attachment":"","ocean_post_title_bg_image_repeat":"","ocean_post_title_bg_image_size":"","ocean_post_title_height":0,"ocean_post_title_bg_overlay":0.5,"ocean_post_title_bg_overlay_color":"","ocean_disable_breadcrumbs":"default","ocean_breadcrumbs_color":"","ocean_breadcrumbs_separator_color":"","ocean_breadcrumbs_links_color":"","ocean_breadcrumbs_links_hover_color":"","ocean_display_footer_widgets":"default","ocean_display_footer_bottom":"default","ocean_custom_footer_template":"","footnotes":""},"class_list":["post-729","page","type-page","status-publish","hentry","entry"],"_links":{"self":[{"href":"https:\/\/agari.cl\/chile\/wp-json\/wp\/v2\/pages\/729","targetHints":{"allow":["GET"]}}],"collection":[{"href":"https:\/\/agari.cl\/chile\/wp-json\/wp\/v2\/pages"}],"about":[{"href":"https:\/\/agari.cl\/chile\/wp-json\/wp\/v2\/types\/page"}],"author":[{"embeddable":true,"href":"https:\/\/agari.cl\/chile\/wp-json\/wp\/v2\/users\/1"}],"replies":[{"embeddable":true,"href":"https:\/\/agari.cl\/chile\/wp-json\/wp\/v2\/comments?post=729"}],"version-history":[{"count":8,"href":"https:\/\/agari.cl\/chile\/wp-json\/wp\/v2\/pages\/729\/revisions"}],"predecessor-version":[{"id":779,"href":"https:\/\/agari.cl\/chile\/wp-json\/wp\/v2\/pages\/729\/revisions\/779"}],"up":[{"embeddable":true,"href":"https:\/\/agari.cl\/chile\/wp-json\/wp\/v2\/pages\/540"}],"wp:attachment":[{"href":"https:\/\/agari.cl\/chile\/wp-json\/wp\/v2\/media?parent=729"}],"curies":[{"name":"wp","href":"https:\/\/api.w.org\/{rel}","templated":true}]}}