{"id":735,"date":"2025-09-01T10:14:13","date_gmt":"2025-09-01T13:14:13","guid":{"rendered":"https:\/\/agari.cl\/chile\/?page_id=735"},"modified":"2026-01-07T21:31:06","modified_gmt":"2026-01-08T00:31:06","slug":"poleras-cuello-polo","status":"publish","type":"page","link":"https:\/\/agari.cl\/chile\/productos\/poleras-cuello-polo\/","title":{"rendered":"Polera Cuello Polo"},"content":{"rendered":"\t\t<div data-elementor-type=\"wp-post\" data-elementor-id=\"735\" class=\"elementor elementor-735\">\n\t\t\t\t<div class=\"elementor-element elementor-element-abd621d e-con-full e-flex e-con e-parent\" data-id=\"abd621d\" data-element_type=\"container\" data-e-type=\"container\">\n\t\t\t\t<div class=\"elementor-element elementor-element-087dc3c elementor-widget elementor-widget-text-editor\" data-id=\"087dc3c\" data-element_type=\"widget\" data-e-type=\"widget\" data-widget_type=\"text-editor.default\">\n\t\t\t\t\t\t\t\t\t<p><strong>Polera b\u00e1sica de alto desempe\u00f1o, dise\u00f1ada espec\u00edficamente para uso intensivo en entornos industriales y corporativos. Su construcci\u00f3n equilibra comodidad t\u00e9rmica y resistencia estructural.<\/strong><\/p><p><strong>Superficie de alta densidad optimizada para bordado, serigraf\u00eda o DTF, garantizando que el logo de su empresa luzca impecable.<\/strong><\/p><p><strong>Modelos con mangas largas, cortas recuerda cotizar con nosotros.<\/strong><\/p><p><strong>La ventaja es que son totalmente personalizables por lo que si a eventos publicitarios o afines se trata es el complemento perfecto.<\/strong><\/p><p><strong>Cuello:<\/strong> Redondo (estilo Polo b\u00e1sico).<\/p><p><strong>Durabilidad:<\/strong> Tela pre-encogida (no achica tras el lavado).<\/p><p><strong>Colores:<\/strong> Tintura de alta solidez que resiste m\u00faltiples lavados industriales, consultar variedad de colores.<\/p>\t\t\t\t\t\t\t\t<\/div>\n\t\t\t\t<div class=\"elementor-element elementor-element-c2ac62d elementor-widget__width-inherit elementor-widget elementor-widget-html\" data-id=\"c2ac62d\" data-element_type=\"widget\" data-e-type=\"widget\" data-widget_type=\"html.default\">\n\t\t\t\t\t<div style=\" text-align:center;\">\r\n    \r\n<figure class=\"snip1477\">\r\n    \r\n<div class=\"colors-container\">\r\n<div class=\"color-circle\" style=\"background-color: white\"><\/div>\r\n<div class=\"color-circle\" style=\"background-color: grey;\"><\/div>\r\n<div class=\"color-circle\" style=\"background-color: black;\"><\/div>\r\n<div class=\"color-circle\" style=\"background-color: navy;\"><\/div>\r\n<div class=\"color-circle\" style=\"background-color: SteelBlue;\"><\/div>\r\n<div class=\"color-circle\" style=\"background-color: MidnightBlue;\"><\/div>\r\n\r\n<\/div>\r\n    \r\n    <img decoding=\"async\" alt=\"Polera Polo\" src=\"https:\/\/agari.cl\/chile\/wp-content\/uploads\/2026\/01\/Polera-DryFresh-Smooth\u00ae-60-algodon-manga-corta-men-a.webp\" \/>\r\n<div class=\"title\">\r\n<div>\r\n<h2>Polera DryFresh Smooth 60<\/h2>\r\n\r\n<h4>algodon manga corta - hombre<\/h4>\r\n<\/div>\r\n<\/div>\r\n<\/figure>\r\n\r\n\r\n<figure class=\"snip1477\">\r\n\r\n\r\n<div class=\"colors-container\">\r\n<div class=\"color-circle\" style=\"background-color: white\"><\/div>\r\n<div class=\"color-circle\" style=\"background-color: grey;\"><\/div>\r\n<div class=\"color-circle\" style=\"background-color: black;\"><\/div>\r\n<div class=\"color-circle\" style=\"background-color: red;\"><\/div>\r\n<div class=\"color-circle\" style=\"background-color: MidnightBlue;\"><\/div>\r\n\r\n<\/div>    \r\n<img decoding=\"async\" alt=\"Polera Polo\" src=\"https:\/\/agari.cl\/chile\/wp-content\/uploads\/2026\/01\/Polera-Essential-Soft-Manga-C-men-a.webp\" \/>\r\n<div class=\"title\">\r\n<div>\r\n<h2>Polera Essential Soft<\/h2>\r\n\r\n<h4>manga corta - hombre<\/h4>\r\n<\/div>\r\n<\/div>\r\n<\/figure>\r\n\r\n<figure class=\"snip1477\">\r\n<div class=\"colors-container\">\r\n<div class=\"color-circle\" style=\"background-color: white\"><\/div>\r\n<div class=\"color-circle\" style=\"background-color: grey;\"><\/div>\r\n<div class=\"color-circle\" style=\"background-color: black;\"><\/div>\r\n<div class=\"color-circle\" style=\"background-color: navy;\"><\/div>\r\n<div class=\"color-circle\" style=\"background-color: SteelBlue;\"><\/div>\r\n<div class=\"color-circle\" style=\"background-color: MidnightBlue;\"><\/div>\r\n\r\n<\/div>\r\n    \r\n    <img decoding=\"async\" alt=\"Polera Polo\" src=\"https:\/\/agari.cl\/chile\/wp-content\/uploads\/2026\/01\/Polera-DryFresh-Smooth\u00ae-60-algodon-manga-larga-men-a.webp\" \/>\r\n<div class=\"title\">\r\n<div>\r\n<h2>Polera DryFresh Smooth 60<\/h2>\r\n\r\n<h4>algodon manga larga - hombre<\/h4>\r\n<\/div>\r\n<\/div>\r\n<\/figure>\r\n\r\n\r\n<figure class=\"snip1477\"><img decoding=\"async\" alt=\"Polera Polo\" src=\"https:\/\/agari.cl\/chile\/wp-content\/uploads\/2026\/01\/generic-polera-polo_g.webp\" \/>\r\n<div class=\"title\">\r\n<div>\r\n<h2>Polera Comun<\/h2>\r\n\r\n<h4>manga corta - unisex<\/h4>\r\n<\/div>\r\n<\/div>\r\n<\/figure>\r\n\r\n\r\n<figure class=\"snip1477\">\r\n<div class=\"colors-container\">\r\n    <div class=\"color-circle\" style=\"background-color: yellow;\"><\/div>\r\n    <div class=\"color-circle\" style=\"background-color: orange;\"><\/div>\r\n<\/div>\r\n    \r\n    \r\n    <img decoding=\"async\" alt=\"Polera Polo\" src=\"https:\/\/agari.cl\/chile\/wp-content\/uploads\/2026\/01\/Polera-DryFit-Manga-Larga-men-a.webp\" \/>\r\n<div class=\"title\">\r\n<div>\r\n<h2>Polera DryFit reflectante<\/h2>\r\n\r\n<h4>manga larga - hombre<\/h4>\r\n<\/div>\r\n<\/div>\r\n<\/figure>\r\n\r\n\r\n\r\n<\/div>\r\n\t\t\t\t<\/div>\n\t\t\t\t<\/div>\n\t\t\t\t<\/div>\n\t\t","protected":false},"excerpt":{"rendered":"<p>Polera b\u00e1sica de alto desempe\u00f1o, dise\u00f1ada espec\u00edficamente para uso intensivo en entornos industriales y corporativos. Su construcci\u00f3n equilibra comodidad t\u00e9rmica y resistencia estructural. Superficie de alta densidad optimizada para bordado, serigraf\u00eda o DTF, garantizando que el logo de su empresa luzca impecable. Modelos con mangas largas, cortas recuerda cotizar con nosotros. La ventaja es que [&hellip;]<\/p>\n","protected":false},"author":1,"featured_media":0,"parent":540,"menu_order":0,"comment_status":"closed","ping_status":"closed","template":"","meta":{"ocean_post_layout":"full-width","ocean_both_sidebars_style":"","ocean_both_sidebars_content_width":0,"ocean_both_sidebars_sidebars_width":0,"ocean_sidebar":"","ocean_second_sidebar":"","ocean_disable_margins":"enable","ocean_add_body_class":"","ocean_shortcode_before_top_bar":"","ocean_shortcode_after_top_bar":"","ocean_shortcode_before_header":"","ocean_shortcode_after_header":"","ocean_has_shortcode":"","ocean_shortcode_after_title":"","ocean_shortcode_before_footer_widgets":"","ocean_shortcode_after_footer_widgets":"","ocean_shortcode_before_footer_bottom":"","ocean_shortcode_after_footer_bottom":"","ocean_display_top_bar":"default","ocean_display_header":"default","ocean_header_style":"","ocean_center_header_left_menu":"","ocean_custom_header_template":"","ocean_custom_logo":0,"ocean_custom_retina_logo":0,"ocean_custom_logo_max_width":0,"ocean_custom_logo_tablet_max_width":0,"ocean_custom_logo_mobile_max_width":0,"ocean_custom_logo_max_height":0,"ocean_custom_logo_tablet_max_height":0,"ocean_custom_logo_mobile_max_height":0,"ocean_header_custom_menu":"","ocean_menu_typo_font_family":"","ocean_menu_typo_font_subset":"","ocean_menu_typo_font_size":0,"ocean_menu_typo_font_size_tablet":0,"ocean_menu_typo_font_size_mobile":0,"ocean_menu_typo_font_size_unit":"px","ocean_menu_typo_font_weight":"","ocean_menu_typo_font_weight_tablet":"","ocean_menu_typo_font_weight_mobile":"","ocean_menu_typo_transform":"","ocean_menu_typo_transform_tablet":"","ocean_menu_typo_transform_mobile":"","ocean_menu_typo_line_height":0,"ocean_menu_typo_line_height_tablet":0,"ocean_menu_typo_line_height_mobile":0,"ocean_menu_typo_line_height_unit":"","ocean_menu_typo_spacing":0,"ocean_menu_typo_spacing_tablet":0,"ocean_menu_typo_spacing_mobile":0,"ocean_menu_typo_spacing_unit":"","ocean_menu_link_color":"","ocean_menu_link_color_hover":"","ocean_menu_link_color_active":"","ocean_menu_link_background":"","ocean_menu_link_hover_background":"","ocean_menu_link_active_background":"","ocean_menu_social_links_bg":"","ocean_menu_social_hover_links_bg":"","ocean_menu_social_links_color":"","ocean_menu_social_hover_links_color":"","ocean_disable_title":"default","ocean_disable_heading":"default","ocean_post_title":"","ocean_post_subheading":"","ocean_post_title_style":"","ocean_post_title_background_color":"","ocean_post_title_background":0,"ocean_post_title_bg_image_position":"","ocean_post_title_bg_image_attachment":"","ocean_post_title_bg_image_repeat":"","ocean_post_title_bg_image_size":"","ocean_post_title_height":0,"ocean_post_title_bg_overlay":0.5,"ocean_post_title_bg_overlay_color":"","ocean_disable_breadcrumbs":"default","ocean_breadcrumbs_color":"","ocean_breadcrumbs_separator_color":"","ocean_breadcrumbs_links_color":"","ocean_breadcrumbs_links_hover_color":"","ocean_display_footer_widgets":"default","ocean_display_footer_bottom":"default","ocean_custom_footer_template":"","footnotes":""},"class_list":["post-735","page","type-page","status-publish","hentry","entry"],"_links":{"self":[{"href":"https:\/\/agari.cl\/chile\/wp-json\/wp\/v2\/pages\/735","targetHints":{"allow":["GET"]}}],"collection":[{"href":"https:\/\/agari.cl\/chile\/wp-json\/wp\/v2\/pages"}],"about":[{"href":"https:\/\/agari.cl\/chile\/wp-json\/wp\/v2\/types\/page"}],"author":[{"embeddable":true,"href":"https:\/\/agari.cl\/chile\/wp-json\/wp\/v2\/users\/1"}],"replies":[{"embeddable":true,"href":"https:\/\/agari.cl\/chile\/wp-json\/wp\/v2\/comments?post=735"}],"version-history":[{"count":26,"href":"https:\/\/agari.cl\/chile\/wp-json\/wp\/v2\/pages\/735\/revisions"}],"predecessor-version":[{"id":921,"href":"https:\/\/agari.cl\/chile\/wp-json\/wp\/v2\/pages\/735\/revisions\/921"}],"up":[{"embeddable":true,"href":"https:\/\/agari.cl\/chile\/wp-json\/wp\/v2\/pages\/540"}],"wp:attachment":[{"href":"https:\/\/agari.cl\/chile\/wp-json\/wp\/v2\/media?parent=735"}],"curies":[{"name":"wp","href":"https:\/\/api.w.org\/{rel}","templated":true}]}}