{"id":741,"date":"2025-09-01T10:14:13","date_gmt":"2025-09-01T13:14:13","guid":{"rendered":"https:\/\/agari.cl\/chile\/?page_id=741"},"modified":"2025-09-04T17:01:17","modified_gmt":"2025-09-04T20:01:17","slug":"pantalon-gabardina-jeans","status":"publish","type":"page","link":"https:\/\/agari.cl\/chile\/productos\/pantalon-gabardina-jeans\/","title":{"rendered":"Pantalones, Gabardina y Jeans"},"content":{"rendered":"\t\t<div data-elementor-type=\"wp-post\" data-elementor-id=\"741\" class=\"elementor elementor-741\">\n\t\t\t\t<div class=\"elementor-element elementor-element-abd621d e-con-full e-flex e-con e-parent\" data-id=\"abd621d\" data-element_type=\"container\" data-e-type=\"container\">\n\t\t\t\t<div class=\"elementor-element elementor-element-087dc3c elementor-widget elementor-widget-text-editor\" data-id=\"087dc3c\" data-element_type=\"widget\" data-e-type=\"widget\" data-widget_type=\"text-editor.default\">\n\t\t\t\t\t\t\t\t\t<p><strong>La ropa de trabajo no tiene por qu\u00e9 ser aburrida. Menos cuando contamos con un cat\u00e1logo de prendas que siguen las tendencias de moda.<\/strong><\/p><p><strong>Pantalones dockers, para dama y var\u00f3n son una prenda que es muy bien recibida por quienes buscan un look cl\u00e1sico y combinable.<\/strong><\/p><p><strong>El jean es un imperdible en esta colecci\u00f3n con modelos con muy buenas terminaciones y acabados.<\/strong><\/p><p><strong>Pantalones de gabardina y cargo con un imperdible al momento de buscar un look casual.<\/strong><\/p>\t\t\t\t\t\t\t\t<\/div>\n\t\t\t\t<div class=\"elementor-element elementor-element-c2ac62d elementor-widget__width-inherit elementor-widget elementor-widget-html\" data-id=\"c2ac62d\" data-element_type=\"widget\" data-e-type=\"widget\" data-widget_type=\"html.default\">\n\t\t\t\t\t<div style=\" text-align:center;\">\r\n    \r\n<figure class=\"snip1477\"><img decoding=\"async\" alt=\"PANTALONES DE TRABAJO\" src=\"https:\/\/agari.cl\/chile\/imagenes\/_ropa\/Jeans Free Action Line Hombre - a_r.webp\" \/>\r\n<div class=\"title\">\r\n<div>\r\n<h2>Pantalon - jeans<\/h2>\r\n\r\n<h4>free action - hombre<\/h4>\r\n<\/div>\r\n<\/div>\r\n<\/figure>\r\n\r\n<figure class=\"snip1477\"><img decoding=\"async\" alt=\"PANTALONES DE TRABAJO\" src=\"https:\/\/agari.cl\/chile\/imagenes\/_ropa\/Jeans Free Action Line Mujer - a_r.webp\" \/>\r\n<div class=\"title\">\r\n<div>\r\n<h2>Pantalon - jeans<\/h2>\r\n\r\n<h4>free action - mujer<\/h4>\r\n<\/div>\r\n<\/div>\r\n<\/figure>\r\n\r\n<figure class=\"snip1477\"><img decoding=\"async\" alt=\"PANTALONES DE TRABAJO\" src=\"https:\/\/agari.cl\/chile\/imagenes\/_ropa\/Jeans Practical Line 100 algodon - men - a_r.webp\" \/>\r\n<div class=\"title\">\r\n<div>\r\n<h2>Pantalon - jeans<\/h2>\r\n\r\n<h4>practical line 100 - hombre<\/h4>\r\n<\/div>\r\n<\/div>\r\n<\/figure>\r\n\r\n<figure class=\"snip1477\"><img decoding=\"async\" alt=\"PANTALONES DE TRABAJO\" src=\"https:\/\/agari.cl\/chile\/imagenes\/_ropa\/Jeans Practical Line 100 algodon - women - a_r.webp\" \/>\r\n<div class=\"title\">\r\n<div>\r\n<h2>Pantalon - jeans<\/h2>\r\n\r\n<h4>practical line 100 - mujer<\/h4>\r\n<\/div>\r\n<\/div>\r\n<\/figure>\r\n\r\n\r\n<figure class=\"snip1477\"><img decoding=\"async\" alt=\"PANTALONES DE TRABAJO\" src=\"https:\/\/agari.cl\/chile\/imagenes\/_ropa\/Pantal\u00f3n Cargo Alerce Bi-Color rodilla reforzada - men - a_r.webp\" \/>\r\n<div class=\"title\">\r\n<div>\r\n<h2>Pantalon - CARGO BI-COLOR<\/h2>\r\n\r\n<h4>Alerce reforzado - hombre<\/h4>\r\n<\/div>\r\n<\/div>\r\n<\/figure>\r\n\r\n<figure class=\"snip1477\"><img decoding=\"async\" alt=\"PANTALONES DE TRABAJO\" src=\"https:\/\/agari.cl\/chile\/imagenes\/_ropa\/Pantal\u00f3n Cargo Alerce Hombre - a_r.webp\" \/>\r\n<div class=\"title\">\r\n<div>\r\n<h2>Pantalon - cargo<\/h2>\r\n\r\n<h4>alerce - hombre<\/h4>\r\n<\/div>\r\n<\/div>\r\n<\/figure>\r\n\r\n<figure class=\"snip1477\"><img decoding=\"async\" alt=\"PANTALONES DE TRABAJO\" src=\"https:\/\/agari.cl\/chile\/imagenes\/_ropa\/Pantal\u00f3n Cargo Alerce Mujer - a_r.webp\" \/>\r\n<div class=\"title\">\r\n<div>\r\n<h2>Pantalon - cargo<\/h2>\r\n\r\n<h4>alerce - MUJER<\/h4>\r\n<\/div>\r\n<\/div>\r\n<\/figure>\r\n\r\n\r\n<figure class=\"snip1477\"><img decoding=\"async\" alt=\"PANTALONES DE TRABAJO\" src=\"https:\/\/agari.cl\/chile\/imagenes\/_ropa\/Pantal\u00f3n cargo Alerce Rodillas reforzadas - men - a_r.webp\" \/>\r\n<div class=\"title\">\r\n<div>\r\n<h2>Pantalon - CARGO<\/h2>\r\n\r\n<h4>Alerce reforzado - hombre<\/h4>\r\n<\/div>\r\n<\/div>\r\n<\/figure>\r\n\r\n\r\n<figure class=\"snip1477\"><img decoding=\"async\" alt=\"PANTALONES DE TRABAJO\" src=\"https:\/\/agari.cl\/chile\/imagenes\/_ropa\/Pantal\u00f3n Cargo Gabardina Con cinta - men - a_r.webp\" \/>\r\n<div class=\"title\">\r\n<div>\r\n<h2>Pantalon - CARGO<\/h2>\r\n\r\n<h4>GABARDINA - hombre<\/h4>\r\n<\/div>\r\n<\/div>\r\n<\/figure>\r\n\r\n\r\n<figure class=\"snip1477\"><img decoding=\"async\" alt=\"PANTALONES DE TRABAJO\" src=\"https:\/\/agari.cl\/chile\/imagenes\/_ropa\/Pantal\u00f3n Cargo Gabardina forro polar - men - a_r.webp\" \/>\r\n<div class=\"title\">\r\n<div>\r\n<h2>Pantalon - CARGO<\/h2>\r\n\r\n<h4>GABARDINA FORRO POLAR - hombre<\/h4>\r\n<\/div>\r\n<\/div>\r\n<\/figure>\r\n\r\n\r\n<figure class=\"snip1477\"><img decoding=\"async\" alt=\"PANTALONES DE TRABAJO\" src=\"https:\/\/agari.cl\/chile\/imagenes\/_ropa\/Pantal\u00f3n Casual Slim Mujer - a_r.webp\" \/>\r\n<div class=\"title\">\r\n<div>\r\n<h2>Pantalon - CASUAL<\/h2>\r\n\r\n<h4>SLIM - MUJER<\/h4>\r\n<\/div>\r\n<\/div>\r\n<\/figure>\r\n\r\n\r\n<figure class=\"snip1477\"><img decoding=\"async\" alt=\"PANTALONES DE TRABAJO\" src=\"https:\/\/agari.cl\/chile\/imagenes\/_ropa\/Pantal\u00f3n Expert Hombre - a_r.webp\" \/>\r\n<div class=\"title\">\r\n<div>\r\n<h2>Pantalon<\/h2>\r\n\r\n<h4>EXPERT - HOMBRE<\/h4>\r\n<\/div>\r\n<\/div>\r\n<\/figure>\r\n\r\n\r\n<figure class=\"snip1477\"><img decoding=\"async\" alt=\"PANTALONES DE TRABAJO\" src=\"https:\/\/agari.cl\/chile\/imagenes\/_ropa\/Pantal\u00f3n Hi-Vis Bi-Color Clase 1 - men - a_r.webp\" \/>\r\n<div class=\"title\">\r\n<div>\r\n<h2>Pantalon HI-VIS<\/h2>\r\n\r\n<h4>BI-COLOR CLASE1 - HOMBRE<\/h4>\r\n<\/div>\r\n<\/div>\r\n<\/figure>\r\n\r\n\r\n<figure class=\"snip1477\"><img decoding=\"async\" alt=\"PANTALONES DE TRABAJO\" src=\"https:\/\/agari.cl\/chile\/imagenes\/_ropa\/Pantal\u00f3n Hi-Vis Bi-Color Clase 2 - men - a_r.webp\" \/>\r\n<div class=\"title\">\r\n<div>\r\n<h2>Pantalon HI-VIS<\/h2>\r\n\r\n<h4>BI-COLOR CLASE2 - HOMBRE<\/h4>\r\n<\/div>\r\n<\/div>\r\n<\/figure>\r\n\r\n<figure class=\"snip1477\"><img decoding=\"async\" alt=\"PANTALONES DE TRABAJO\" src=\"https:\/\/agari.cl\/chile\/imagenes\/_ropa\/Pantal\u00f3n Ripstop Acacio Hombre - a_r.webp\" \/>\r\n<div class=\"title\">\r\n<div>\r\n<h2>Pantalon - RIPSTOP<\/h2>\r\n\r\n<h4>ACACIO - HOMBRE<\/h4>\r\n<\/div>\r\n<\/div>\r\n<\/figure>\r\n\r\n\r\n\r\n<figure class=\"snip1477\"><img decoding=\"async\" alt=\"PANTALONES DE TRABAJO\" src=\"https:\/\/agari.cl\/chile\/imagenes\/_ropa\/Pantal\u00f3n Ripstop Mollen Mujer - a_r.webp\" \/>\r\n<div class=\"title\">\r\n<div>\r\n<h2>Pantalon - RIPSTOP<\/h2>\r\n\r\n<h4>MOLLEN - MUJER<\/h4>\r\n<\/div>\r\n<\/div>\r\n<\/figure>\r\n\r\n<figure class=\"snip1477\"><img decoding=\"async\" alt=\"PANTALONES DE TRABAJO\" src=\"https:\/\/agari.cl\/chile\/imagenes\/_ropa\/Pantal\u00f3n T\u00e9rmico Exterior - men - a_r.webp\" \/>\r\n<div class=\"title\">\r\n<div>\r\n<h2>Pantalon - TERMICO<\/h2>\r\n\r\n<h4>EXTERIOR - HOMBRE<\/h4>\r\n<\/div>\r\n<\/div>\r\n<\/figure>\r\n\r\n<\/div>\r\n\t\t\t\t<\/div>\n\t\t\t\t<\/div>\n\t\t\t\t<\/div>\n\t\t","protected":false},"excerpt":{"rendered":"<p>La ropa de trabajo no tiene por qu\u00e9 ser aburrida. Menos cuando contamos con un cat\u00e1logo de prendas que siguen las tendencias de moda. Pantalones dockers, para dama y var\u00f3n son una prenda que es muy bien recibida por quienes buscan un look cl\u00e1sico y combinable. El jean es un imperdible en esta colecci\u00f3n con [&hellip;]<\/p>\n","protected":false},"author":1,"featured_media":0,"parent":540,"menu_order":0,"comment_status":"closed","ping_status":"closed","template":"","meta":{"ocean_post_layout":"full-width","ocean_both_sidebars_style":"","ocean_both_sidebars_content_width":0,"ocean_both_sidebars_sidebars_width":0,"ocean_sidebar":"","ocean_second_sidebar":"","ocean_disable_margins":"enable","ocean_add_body_class":"","ocean_shortcode_before_top_bar":"","ocean_shortcode_after_top_bar":"","ocean_shortcode_before_header":"","ocean_shortcode_after_header":"","ocean_has_shortcode":"","ocean_shortcode_after_title":"","ocean_shortcode_before_footer_widgets":"","ocean_shortcode_after_footer_widgets":"","ocean_shortcode_before_footer_bottom":"","ocean_shortcode_after_footer_bottom":"","ocean_display_top_bar":"default","ocean_display_header":"default","ocean_header_style":"","ocean_center_header_left_menu":"","ocean_custom_header_template":"","ocean_custom_logo":0,"ocean_custom_retina_logo":0,"ocean_custom_logo_max_width":0,"ocean_custom_logo_tablet_max_width":0,"ocean_custom_logo_mobile_max_width":0,"ocean_custom_logo_max_height":0,"ocean_custom_logo_tablet_max_height":0,"ocean_custom_logo_mobile_max_height":0,"ocean_header_custom_menu":"","ocean_menu_typo_font_family":"","ocean_menu_typo_font_subset":"","ocean_menu_typo_font_size":0,"ocean_menu_typo_font_size_tablet":0,"ocean_menu_typo_font_size_mobile":0,"ocean_menu_typo_font_size_unit":"px","ocean_menu_typo_font_weight":"","ocean_menu_typo_font_weight_tablet":"","ocean_menu_typo_font_weight_mobile":"","ocean_menu_typo_transform":"","ocean_menu_typo_transform_tablet":"","ocean_menu_typo_transform_mobile":"","ocean_menu_typo_line_height":0,"ocean_menu_typo_line_height_tablet":0,"ocean_menu_typo_line_height_mobile":0,"ocean_menu_typo_line_height_unit":"","ocean_menu_typo_spacing":0,"ocean_menu_typo_spacing_tablet":0,"ocean_menu_typo_spacing_mobile":0,"ocean_menu_typo_spacing_unit":"","ocean_menu_link_color":"","ocean_menu_link_color_hover":"","ocean_menu_link_color_active":"","ocean_menu_link_background":"","ocean_menu_link_hover_background":"","ocean_menu_link_active_background":"","ocean_menu_social_links_bg":"","ocean_menu_social_hover_links_bg":"","ocean_menu_social_links_color":"","ocean_menu_social_hover_links_color":"","ocean_disable_title":"default","ocean_disable_heading":"default","ocean_post_title":"","ocean_post_subheading":"","ocean_post_title_style":"","ocean_post_title_background_color":"","ocean_post_title_background":0,"ocean_post_title_bg_image_position":"","ocean_post_title_bg_image_attachment":"","ocean_post_title_bg_image_repeat":"","ocean_post_title_bg_image_size":"","ocean_post_title_height":0,"ocean_post_title_bg_overlay":0.5,"ocean_post_title_bg_overlay_color":"","ocean_disable_breadcrumbs":"default","ocean_breadcrumbs_color":"","ocean_breadcrumbs_separator_color":"","ocean_breadcrumbs_links_color":"","ocean_breadcrumbs_links_hover_color":"","ocean_display_footer_widgets":"default","ocean_display_footer_bottom":"default","ocean_custom_footer_template":"","footnotes":""},"class_list":["post-741","page","type-page","status-publish","hentry","entry"],"_links":{"self":[{"href":"https:\/\/agari.cl\/chile\/wp-json\/wp\/v2\/pages\/741","targetHints":{"allow":["GET"]}}],"collection":[{"href":"https:\/\/agari.cl\/chile\/wp-json\/wp\/v2\/pages"}],"about":[{"href":"https:\/\/agari.cl\/chile\/wp-json\/wp\/v2\/types\/page"}],"author":[{"embeddable":true,"href":"https:\/\/agari.cl\/chile\/wp-json\/wp\/v2\/users\/1"}],"replies":[{"embeddable":true,"href":"https:\/\/agari.cl\/chile\/wp-json\/wp\/v2\/comments?post=741"}],"version-history":[{"count":4,"href":"https:\/\/agari.cl\/chile\/wp-json\/wp\/v2\/pages\/741\/revisions"}],"predecessor-version":[{"id":796,"href":"https:\/\/agari.cl\/chile\/wp-json\/wp\/v2\/pages\/741\/revisions\/796"}],"up":[{"embeddable":true,"href":"https:\/\/agari.cl\/chile\/wp-json\/wp\/v2\/pages\/540"}],"wp:attachment":[{"href":"https:\/\/agari.cl\/chile\/wp-json\/wp\/v2\/media?parent=741"}],"curies":[{"name":"wp","href":"https:\/\/api.w.org\/{rel}","templated":true}]}}