{"id":743,"date":"2025-09-01T10:14:13","date_gmt":"2025-09-01T13:14:13","guid":{"rendered":"https:\/\/agari.cl\/chile\/?page_id=743"},"modified":"2025-09-05T17:12:08","modified_gmt":"2025-09-05T20:12:08","slug":"zapatos-calzado","status":"publish","type":"page","link":"https:\/\/agari.cl\/chile\/productos\/zapatos-calzado\/","title":{"rendered":"Calzado de Seguridad"},"content":{"rendered":"\t\t<div data-elementor-type=\"wp-post\" data-elementor-id=\"743\" class=\"elementor elementor-743\">\n\t\t\t\t<div class=\"elementor-element elementor-element-abd621d e-con-full e-flex e-con e-parent\" data-id=\"abd621d\" data-element_type=\"container\" data-e-type=\"container\">\n\t\t\t\t<div class=\"elementor-element elementor-element-087dc3c elementor-widget elementor-widget-text-editor\" data-id=\"087dc3c\" data-element_type=\"widget\" data-e-type=\"widget\" data-widget_type=\"text-editor.default\">\n\t\t\t\t\t\t\t\t\t<p><strong>Si hay alg\u00fan elemento donde la seguridad juega un papel fundamental es el el calzado.<\/strong><\/p><p><strong>Comercializamos calzado de seguridad industrial, con variedad de modelos y funcionalidades.<\/strong><\/p><p><strong>Cada actividad laboral requiere un equipamiento distinto, pero el \u00e9nfasis en la seguridad es un elemento en com\u00fan para todas ellas. Es por esto que confeccionamos calzado que cumple con m\u00e1s m\u00e1ximas exigencias en esta \u00e1rea pero sin abandonar el confort, dise\u00f1o y tecnolog\u00eda.<\/strong><\/p><p><strong>Los materiales utilizados con el protagonista, por lo que la importancia que entregamos en su utilizaci\u00f3n y posterior confecci\u00f3n es una caracter\u00edstica diferenciadora para lanzar al mercado un producto de la mejor calidad.<\/strong><\/p>\t\t\t\t\t\t\t\t<\/div>\n\t\t\t\t<div class=\"elementor-element elementor-element-c2ac62d elementor-widget__width-inherit elementor-widget elementor-widget-html\" data-id=\"c2ac62d\" data-element_type=\"widget\" data-e-type=\"widget\" data-widget_type=\"html.default\">\n\t\t\t\t\t<div style=\" text-align:center;\">\r\n    \r\n<figure class=\"snip1477\"><img decoding=\"async\" alt=\"zapatos de seguridad\" src=\"https:\/\/agari.cl\/chile\/imagenes\/_ropa\/bot_anticlavo_redder_0_r.webp\" \/>\r\n<div class=\"title\">\r\n<div>\r\n<h2>Botin anticlavo<\/h2>\r\n\r\n<h4>redder<\/h4>\r\n<\/div>\r\n<\/div>\r\n<\/figure>\r\n\r\n<figure class=\"snip1477\"><img decoding=\"async\" alt=\"zapatos de seguridad\" src=\"https:\/\/agari.cl\/chile\/imagenes\/_ropa\/bot_economico_powerfull_320_0_r.webp\" \/>\r\n<div class=\"title\">\r\n<div>\r\n<h2>Bototo economico<\/h2>\r\n\r\n<h4>powerfull 320<\/h4>\r\n<\/div>\r\n<\/div>\r\n<\/figure>\r\n\r\n\r\n<figure class=\"snip1477\"><img decoding=\"async\" alt=\"zapatos de seguridad\" src=\"https:\/\/agari.cl\/chile\/imagenes\/_ropa\/bot_nazca_acero_308_0_r.webp\" \/>\r\n<div class=\"title\">\r\n<div>\r\n<h2>Botin nazca<\/h2>\r\n\r\n<h4>punta acero 308<\/h4>\r\n<\/div>\r\n<\/div>\r\n<\/figure>\r\n\r\n<figure class=\"snip1477\"><img decoding=\"async\" alt=\"zapatos de seguridad\" src=\"https:\/\/agari.cl\/chile\/imagenes\/_ropa\/tempest_4031_ux_0_r.webp\" \/>\r\n<div class=\"title\">\r\n<div>\r\n<h2>Zapatilla seguridad<\/h2>\r\n\r\n<h4>unisex - tempest 4031<\/h4>\r\n<\/div>\r\n<\/div>\r\n<\/figure>\r\n\r\n\r\n<\/div>\r\n\t\t\t\t<\/div>\n\t\t\t\t<\/div>\n\t\t\t\t<\/div>\n\t\t","protected":false},"excerpt":{"rendered":"<p>Si hay alg\u00fan elemento donde la seguridad juega un papel fundamental es el el calzado. Comercializamos calzado de seguridad industrial, con variedad de modelos y funcionalidades. Cada actividad laboral requiere un equipamiento distinto, pero el \u00e9nfasis en la seguridad es un elemento en com\u00fan para todas ellas. Es por esto que confeccionamos calzado que cumple [&hellip;]<\/p>\n","protected":false},"author":1,"featured_media":0,"parent":540,"menu_order":0,"comment_status":"closed","ping_status":"closed","template":"","meta":{"ocean_post_layout":"full-width","ocean_both_sidebars_style":"","ocean_both_sidebars_content_width":0,"ocean_both_sidebars_sidebars_width":0,"ocean_sidebar":"","ocean_second_sidebar":"","ocean_disable_margins":"enable","ocean_add_body_class":"","ocean_shortcode_before_top_bar":"","ocean_shortcode_after_top_bar":"","ocean_shortcode_before_header":"","ocean_shortcode_after_header":"","ocean_has_shortcode":"","ocean_shortcode_after_title":"","ocean_shortcode_before_footer_widgets":"","ocean_shortcode_after_footer_widgets":"","ocean_shortcode_before_footer_bottom":"","ocean_shortcode_after_footer_bottom":"","ocean_display_top_bar":"default","ocean_display_header":"default","ocean_header_style":"","ocean_center_header_left_menu":"","ocean_custom_header_template":"","ocean_custom_logo":0,"ocean_custom_retina_logo":0,"ocean_custom_logo_max_width":0,"ocean_custom_logo_tablet_max_width":0,"ocean_custom_logo_mobile_max_width":0,"ocean_custom_logo_max_height":0,"ocean_custom_logo_tablet_max_height":0,"ocean_custom_logo_mobile_max_height":0,"ocean_header_custom_menu":"","ocean_menu_typo_font_family":"","ocean_menu_typo_font_subset":"","ocean_menu_typo_font_size":0,"ocean_menu_typo_font_size_tablet":0,"ocean_menu_typo_font_size_mobile":0,"ocean_menu_typo_font_size_unit":"px","ocean_menu_typo_font_weight":"","ocean_menu_typo_font_weight_tablet":"","ocean_menu_typo_font_weight_mobile":"","ocean_menu_typo_transform":"","ocean_menu_typo_transform_tablet":"","ocean_menu_typo_transform_mobile":"","ocean_menu_typo_line_height":0,"ocean_menu_typo_line_height_tablet":0,"ocean_menu_typo_line_height_mobile":0,"ocean_menu_typo_line_height_unit":"","ocean_menu_typo_spacing":0,"ocean_menu_typo_spacing_tablet":0,"ocean_menu_typo_spacing_mobile":0,"ocean_menu_typo_spacing_unit":"","ocean_menu_link_color":"","ocean_menu_link_color_hover":"","ocean_menu_link_color_active":"","ocean_menu_link_background":"","ocean_menu_link_hover_background":"","ocean_menu_link_active_background":"","ocean_menu_social_links_bg":"","ocean_menu_social_hover_links_bg":"","ocean_menu_social_links_color":"","ocean_menu_social_hover_links_color":"","ocean_disable_title":"default","ocean_disable_heading":"default","ocean_post_title":"","ocean_post_subheading":"","ocean_post_title_style":"","ocean_post_title_background_color":"","ocean_post_title_background":0,"ocean_post_title_bg_image_position":"","ocean_post_title_bg_image_attachment":"","ocean_post_title_bg_image_repeat":"","ocean_post_title_bg_image_size":"","ocean_post_title_height":0,"ocean_post_title_bg_overlay":0.5,"ocean_post_title_bg_overlay_color":"","ocean_disable_breadcrumbs":"default","ocean_breadcrumbs_color":"","ocean_breadcrumbs_separator_color":"","ocean_breadcrumbs_links_color":"","ocean_breadcrumbs_links_hover_color":"","ocean_display_footer_widgets":"default","ocean_display_footer_bottom":"default","ocean_custom_footer_template":"","footnotes":""},"class_list":["post-743","page","type-page","status-publish","hentry","entry"],"_links":{"self":[{"href":"https:\/\/agari.cl\/chile\/wp-json\/wp\/v2\/pages\/743","targetHints":{"allow":["GET"]}}],"collection":[{"href":"https:\/\/agari.cl\/chile\/wp-json\/wp\/v2\/pages"}],"about":[{"href":"https:\/\/agari.cl\/chile\/wp-json\/wp\/v2\/types\/page"}],"author":[{"embeddable":true,"href":"https:\/\/agari.cl\/chile\/wp-json\/wp\/v2\/users\/1"}],"replies":[{"embeddable":true,"href":"https:\/\/agari.cl\/chile\/wp-json\/wp\/v2\/comments?post=743"}],"version-history":[{"count":4,"href":"https:\/\/agari.cl\/chile\/wp-json\/wp\/v2\/pages\/743\/revisions"}],"predecessor-version":[{"id":840,"href":"https:\/\/agari.cl\/chile\/wp-json\/wp\/v2\/pages\/743\/revisions\/840"}],"up":[{"embeddable":true,"href":"https:\/\/agari.cl\/chile\/wp-json\/wp\/v2\/pages\/540"}],"wp:attachment":[{"href":"https:\/\/agari.cl\/chile\/wp-json\/wp\/v2\/media?parent=743"}],"curies":[{"name":"wp","href":"https:\/\/api.w.org\/{rel}","templated":true}]}}